{"id":298,"date":"2023-05-26T04:32:00","date_gmt":"2023-05-26T04:32:00","guid":{"rendered":"https:\/\/villadealvarez.gob.mx\/ivj\/noticias\/?page_id=298"},"modified":"2025-05-02T16:25:52","modified_gmt":"2025-05-02T16:25:52","slug":"fraccion-xxi-2","status":"publish","type":"page","link":"https:\/\/villadealvarez.gob.mx\/ivj\/noticias\/fraccion-xxi-2\/","title":{"rendered":"FRACCION XXI"},"content":{"rendered":"<p><span style=\"color: #800080;\"><strong>Fracci\u00f3n XXI:<\/strong><\/span><\/p>\n<p>La informaci\u00f3n financiera sobre el presupuesto asignado, as\u00ed como los informes del ejercicio trimestral del gasto, en t\u00e9rminos de la Ley General de Contabilidad Gubernamental y dem\u00e1s normatividad aplicable.<\/p>\n<p><span style=\"color: #800080;\"><strong>Fracci\u00f3n XXXI:<\/strong><\/span><\/p>\n<p>Informe de avances program\u00e1ticos o presupuestales, balances generales y su estado financiero.<\/p>\n<p>&nbsp;<\/p>\n<table style=\"height: 242px;\" width=\"755\">\n<tbody>\n<tr style=\"background-color: pink;\">\n<th style=\"text-align: center;\" colspan=\"5\"><strong>EJERCICIOS POR A\u00d1O<br \/>\n<\/strong><\/th>\n<\/tr>\n<tr>\n<td style=\"text-align: center;\">2022<strong><br \/>\n<\/strong><\/td>\n<td style=\"text-align: center;\">2023<strong><br \/>\n<\/strong><\/td>\n<td style=\"text-align: center;\">2024<strong><br \/>\n<\/strong><\/td>\n<\/tr>\n<tr>\n<td><a href=\"https:\/\/villadealvarez.gob.mx\/ivj\/noticias\/fraccion-xxi\/\"><img loading=\"lazy\" decoding=\"async\" class=\"wp-image-299 aligncenter\" src=\"https:\/\/villadealvarez.gob.mx\/ivj\/noticias\/wp-content\/uploads\/2023\/05\/CARPET-300x300.png\" alt=\"\" width=\"84\" height=\"84\" srcset=\"https:\/\/villadealvarez.gob.mx\/ivj\/noticias\/wp-content\/uploads\/2023\/05\/CARPET-300x300.png 300w, https:\/\/villadealvarez.gob.mx\/ivj\/noticias\/wp-content\/uploads\/2023\/05\/CARPET-150x150.png 150w, https:\/\/villadealvarez.gob.mx\/ivj\/noticias\/wp-content\/uploads\/2023\/05\/CARPET.png 512w\" sizes=\"auto, (max-width: 84px) 100vw, 84px\" \/><\/a><\/td>\n<td><a href=\"https:\/\/villadealvarez.gob.mx\/ivj\/noticias\/fraccion-xxi-ejercicio-2023\/\"><img loading=\"lazy\" decoding=\"async\" class=\"wp-image-299 aligncenter\" src=\"https:\/\/villadealvarez.gob.mx\/ivj\/noticias\/wp-content\/uploads\/2023\/05\/CARPET-300x300.png\" alt=\"\" width=\"84\" height=\"84\" srcset=\"https:\/\/villadealvarez.gob.mx\/ivj\/noticias\/wp-content\/uploads\/2023\/05\/CARPET-300x300.png 300w, https:\/\/villadealvarez.gob.mx\/ivj\/noticias\/wp-content\/uploads\/2023\/05\/CARPET-150x150.png 150w, https:\/\/villadealvarez.gob.mx\/ivj\/noticias\/wp-content\/uploads\/2023\/05\/CARPET.png 512w\" sizes=\"auto, (max-width: 84px) 100vw, 84px\" \/><\/a><\/td>\n<td><a href=\"https:\/\/villadealvarez.gob.mx\/ivj\/noticias\/fraccion-xxi-ejercicio-2024\/\"><img loading=\"lazy\" decoding=\"async\" class=\"wp-image-299 aligncenter\" src=\"https:\/\/villadealvarez.gob.mx\/ivj\/noticias\/wp-content\/uploads\/2023\/05\/CARPET-300x300.png\" alt=\"\" width=\"84\" height=\"84\" srcset=\"https:\/\/villadealvarez.gob.mx\/ivj\/noticias\/wp-content\/uploads\/2023\/05\/CARPET-300x300.png 300w, https:\/\/villadealvarez.gob.mx\/ivj\/noticias\/wp-content\/uploads\/2023\/05\/CARPET-150x150.png 150w, https:\/\/villadealvarez.gob.mx\/ivj\/noticias\/wp-content\/uploads\/2023\/05\/CARPET.png 512w\" sizes=\"auto, (max-width: 84px) 100vw, 84px\" \/><\/a><\/td>\n<\/tr>\n<tr>\n<td style=\"text-align: center;\">2025<strong><br \/>\n<\/strong><\/td>\n<td style=\"text-align: center;\">2026<strong><br \/>\n<\/strong><\/td>\n<td style=\"text-align: center;\">2027<strong><br \/>\n<\/strong><\/td>\n<\/tr>\n<tr>\n<td><a href=\"https:\/\/villadealvarez.gob.mx\/ivj\/noticias\/fraccion-xxi-3\/\"><img loading=\"lazy\" decoding=\"async\" class=\"wp-image-299 aligncenter\" src=\"https:\/\/villadealvarez.gob.mx\/ivj\/noticias\/wp-content\/uploads\/2023\/05\/CARPET-300x300.png\" alt=\"\" width=\"84\" height=\"84\" srcset=\"https:\/\/villadealvarez.gob.mx\/ivj\/noticias\/wp-content\/uploads\/2023\/05\/CARPET-300x300.png 300w, https:\/\/villadealvarez.gob.mx\/ivj\/noticias\/wp-content\/uploads\/2023\/05\/CARPET-150x150.png 150w, https:\/\/villadealvarez.gob.mx\/ivj\/noticias\/wp-content\/uploads\/2023\/05\/CARPET.png 512w\" sizes=\"auto, (max-width: 84px) 100vw, 84px\" \/><\/a><\/td>\n<td><\/td>\n<td><\/td>\n<\/tr>\n<\/tbody>\n<\/table>\n<p>&nbsp;<\/p>\n<p>&nbsp;<\/p>\n<p>&nbsp;<\/p>\n<p>&nbsp;<\/p>\n<p>&nbsp;<\/p>\n<p>&nbsp;<\/p>\n<p>&nbsp;<\/p>\n<p>&nbsp;<\/p>\n<p>&nbsp;<\/p>\n<p>&nbsp;<\/p>\n","protected":false},"excerpt":{"rendered":"<p>Fracci\u00f3n XXI: La informaci\u00f3n financiera sobre el presupuesto asignado, as\u00ed como los informes del ejercicio trimestral del gasto, en t\u00e9rminos de la Ley General de Contabilidad Gubernamental y dem\u00e1s normatividad aplicable. Fracci\u00f3n XXXI: Informe de avances program\u00e1ticos o presupuestales, balances generales y su estado financiero. &nbsp; EJERCICIOS POR A\u00d1O 2022&hellip;<\/p>\n","protected":false},"author":2,"featured_media":0,"parent":0,"menu_order":0,"comment_status":"closed","ping_status":"closed","template":"","meta":{"footnotes":""},"class_list":["post-298","page","type-page","status-publish","hentry"],"_links":{"self":[{"href":"https:\/\/villadealvarez.gob.mx\/ivj\/noticias\/wp-json\/wp\/v2\/pages\/298","targetHints":{"allow":["GET"]}}],"collection":[{"href":"https:\/\/villadealvarez.gob.mx\/ivj\/noticias\/wp-json\/wp\/v2\/pages"}],"about":[{"href":"https:\/\/villadealvarez.gob.mx\/ivj\/noticias\/wp-json\/wp\/v2\/types\/page"}],"author":[{"embeddable":true,"href":"https:\/\/villadealvarez.gob.mx\/ivj\/noticias\/wp-json\/wp\/v2\/users\/2"}],"replies":[{"embeddable":true,"href":"https:\/\/villadealvarez.gob.mx\/ivj\/noticias\/wp-json\/wp\/v2\/comments?post=298"}],"version-history":[{"count":9,"href":"https:\/\/villadealvarez.gob.mx\/ivj\/noticias\/wp-json\/wp\/v2\/pages\/298\/revisions"}],"predecessor-version":[{"id":671,"href":"https:\/\/villadealvarez.gob.mx\/ivj\/noticias\/wp-json\/wp\/v2\/pages\/298\/revisions\/671"}],"wp:attachment":[{"href":"https:\/\/villadealvarez.gob.mx\/ivj\/noticias\/wp-json\/wp\/v2\/media?parent=298"}],"curies":[{"name":"wp","href":"https:\/\/api.w.org\/{rel}","templated":true}]}}