{"id":74,"date":"2022-09-07T19:16:37","date_gmt":"2022-09-07T19:16:37","guid":{"rendered":"https:\/\/villadealvarez.gob.mx\/ivj\/noticias\/?page_id=74"},"modified":"2022-09-07T19:27:22","modified_gmt":"2022-09-07T19:27:22","slug":"fraccion-i","status":"publish","type":"page","link":"https:\/\/villadealvarez.gob.mx\/ivj\/noticias\/fraccion-i\/","title":{"rendered":"Fracci\u00f3n I"},"content":{"rendered":"<p><span style=\"color: #139fd6;\"><strong>Fracci\u00f3n I:<\/strong><\/span><\/p>\n<p>El marco normativo aplicable al sujeto obligado, que deber\u00e1 incluir leyes, c\u00f3digos, reglamentos, decretos de creaci\u00f3n, manuales administrativos, reglas de operaci\u00f3n, criterios y pol\u00edticas, entre otros.<\/p>\n<ul>\n<li>Constituci\u00f3n Pol\u00edtica de los Estados Unidos Mexicanos:<a href=\"https:\/\/villadealvarez.gob.mx\/ivj\/noticias\/wp-content\/uploads\/2022\/09\/Constitucion-Politica-de-los-Estados-Unidos-Mexicanos.pdf\"><img loading=\"lazy\" decoding=\"async\" class=\"alignnone wp-image-78\" src=\"https:\/\/villadealvarez.gob.mx\/ivj\/noticias\/wp-content\/uploads\/2022\/09\/\u2014Pngtree\u2014cloud-download-free-buckle-png_4670481-300x300.png\" alt=\"\" width=\"63\" height=\"63\" srcset=\"https:\/\/villadealvarez.gob.mx\/ivj\/noticias\/wp-content\/uploads\/2022\/09\/\u2014Pngtree\u2014cloud-download-free-buckle-png_4670481-300x300.png 300w, https:\/\/villadealvarez.gob.mx\/ivj\/noticias\/wp-content\/uploads\/2022\/09\/\u2014Pngtree\u2014cloud-download-free-buckle-png_4670481-150x150.png 150w, https:\/\/villadealvarez.gob.mx\/ivj\/noticias\/wp-content\/uploads\/2022\/09\/\u2014Pngtree\u2014cloud-download-free-buckle-png_4670481.png 500w\" sizes=\"auto, (max-width: 63px) 100vw, 63px\" \/><\/a><\/li>\n<li>Ley General de Protecci\u00f3n de Datos Personales en Posesi\u00f3n de Sujetos Obligados:<a href=\"https:\/\/villadealvarez.gob.mx\/ivj\/noticias\/wp-content\/uploads\/2022\/09\/Ley-General-de-Proteccion-de-Datos-Personales-en-Posesion-de-Sujetos-Obligados.pdf\"><img loading=\"lazy\" decoding=\"async\" class=\"alignnone wp-image-78\" src=\"https:\/\/villadealvarez.gob.mx\/ivj\/noticias\/wp-content\/uploads\/2022\/09\/\u2014Pngtree\u2014cloud-download-free-buckle-png_4670481-300x300.png\" alt=\"\" width=\"63\" height=\"63\" srcset=\"https:\/\/villadealvarez.gob.mx\/ivj\/noticias\/wp-content\/uploads\/2022\/09\/\u2014Pngtree\u2014cloud-download-free-buckle-png_4670481-300x300.png 300w, https:\/\/villadealvarez.gob.mx\/ivj\/noticias\/wp-content\/uploads\/2022\/09\/\u2014Pngtree\u2014cloud-download-free-buckle-png_4670481-150x150.png 150w, https:\/\/villadealvarez.gob.mx\/ivj\/noticias\/wp-content\/uploads\/2022\/09\/\u2014Pngtree\u2014cloud-download-free-buckle-png_4670481.png 500w\" sizes=\"auto, (max-width: 63px) 100vw, 63px\" \/><\/a><\/li>\n<li>Ley General de Transparencia y Acceso a la Informaci\u00f3n P\u00fablica:<a href=\"https:\/\/villadealvarez.gob.mx\/ivj\/noticias\/wp-content\/uploads\/2022\/09\/Ley-General-de-Transparencia-y-Acceso-a-la-Informacion-Publica.pdf\"><img loading=\"lazy\" decoding=\"async\" class=\"alignnone wp-image-78\" src=\"https:\/\/villadealvarez.gob.mx\/ivj\/noticias\/wp-content\/uploads\/2022\/09\/\u2014Pngtree\u2014cloud-download-free-buckle-png_4670481-300x300.png\" alt=\"\" width=\"63\" height=\"63\" srcset=\"https:\/\/villadealvarez.gob.mx\/ivj\/noticias\/wp-content\/uploads\/2022\/09\/\u2014Pngtree\u2014cloud-download-free-buckle-png_4670481-300x300.png 300w, https:\/\/villadealvarez.gob.mx\/ivj\/noticias\/wp-content\/uploads\/2022\/09\/\u2014Pngtree\u2014cloud-download-free-buckle-png_4670481-150x150.png 150w, https:\/\/villadealvarez.gob.mx\/ivj\/noticias\/wp-content\/uploads\/2022\/09\/\u2014Pngtree\u2014cloud-download-free-buckle-png_4670481.png 500w\" sizes=\"auto, (max-width: 63px) 100vw, 63px\" \/><\/a><\/li>\n<li>REGLAMENTO DEL INSTITUTO DE LA JUVENTUD:<a href=\"https:\/\/villadealvarez.gob.mx\/ivj\/noticias\/wp-content\/uploads\/2022\/09\/REGLAMENTO-DEL-INSTITUTO-DE-LA-JUVENTUD.pdf\"><img loading=\"lazy\" decoding=\"async\" class=\"alignnone wp-image-78\" src=\"https:\/\/villadealvarez.gob.mx\/ivj\/noticias\/wp-content\/uploads\/2022\/09\/\u2014Pngtree\u2014cloud-download-free-buckle-png_4670481-300x300.png\" alt=\"\" width=\"63\" height=\"63\" srcset=\"https:\/\/villadealvarez.gob.mx\/ivj\/noticias\/wp-content\/uploads\/2022\/09\/\u2014Pngtree\u2014cloud-download-free-buckle-png_4670481-300x300.png 300w, https:\/\/villadealvarez.gob.mx\/ivj\/noticias\/wp-content\/uploads\/2022\/09\/\u2014Pngtree\u2014cloud-download-free-buckle-png_4670481-150x150.png 150w, https:\/\/villadealvarez.gob.mx\/ivj\/noticias\/wp-content\/uploads\/2022\/09\/\u2014Pngtree\u2014cloud-download-free-buckle-png_4670481.png 500w\" sizes=\"auto, (max-width: 63px) 100vw, 63px\" \/><\/a><\/li>\n<\/ul>\n","protected":false},"excerpt":{"rendered":"<p>Fracci\u00f3n I: El marco normativo aplicable al sujeto obligado, que deber\u00e1 incluir leyes, c\u00f3digos, reglamentos, decretos de creaci\u00f3n, manuales administrativos, reglas de operaci\u00f3n, criterios y pol\u00edticas, entre otros. Constituci\u00f3n Pol\u00edtica de los Estados Unidos Mexicanos: Ley General de Protecci\u00f3n de Datos Personales en Posesi\u00f3n de Sujetos Obligados: Ley General de&hellip;<\/p>\n","protected":false},"author":2,"featured_media":0,"parent":0,"menu_order":0,"comment_status":"closed","ping_status":"closed","template":"","meta":{"footnotes":""},"class_list":["post-74","page","type-page","status-publish","hentry"],"_links":{"self":[{"href":"https:\/\/villadealvarez.gob.mx\/ivj\/noticias\/wp-json\/wp\/v2\/pages\/74","targetHints":{"allow":["GET"]}}],"collection":[{"href":"https:\/\/villadealvarez.gob.mx\/ivj\/noticias\/wp-json\/wp\/v2\/pages"}],"about":[{"href":"https:\/\/villadealvarez.gob.mx\/ivj\/noticias\/wp-json\/wp\/v2\/types\/page"}],"author":[{"embeddable":true,"href":"https:\/\/villadealvarez.gob.mx\/ivj\/noticias\/wp-json\/wp\/v2\/users\/2"}],"replies":[{"embeddable":true,"href":"https:\/\/villadealvarez.gob.mx\/ivj\/noticias\/wp-json\/wp\/v2\/comments?post=74"}],"version-history":[{"count":6,"href":"https:\/\/villadealvarez.gob.mx\/ivj\/noticias\/wp-json\/wp\/v2\/pages\/74\/revisions"}],"predecessor-version":[{"id":87,"href":"https:\/\/villadealvarez.gob.mx\/ivj\/noticias\/wp-json\/wp\/v2\/pages\/74\/revisions\/87"}],"wp:attachment":[{"href":"https:\/\/villadealvarez.gob.mx\/ivj\/noticias\/wp-json\/wp\/v2\/media?parent=74"}],"curies":[{"name":"wp","href":"https:\/\/api.w.org\/{rel}","templated":true}]}}